{"id":15,"date":"2016-10-06T22:29:52","date_gmt":"2016-10-06T22:29:52","guid":{"rendered":"http:\/\/192.168.1.1\/home\/?page_id=15"},"modified":"2023-01-24T14:11:59","modified_gmt":"2023-01-24T14:11:59","slug":"inicio","status":"publish","type":"page","link":"https:\/\/w3.educacionvirtualavanzada.mx\/home\/","title":{"rendered":"Inicio"},"content":{"rendered":"[vc_row][vc_column][vc_column_text]\n<h1><strong>Sobre EVA<\/strong><\/h1>\n[\/vc_column_text][vc_single_image image=\u00bb104&#8243; img_size=\u00bbfull\u00bb][\/vc_column][\/vc_row][vc_row][vc_column][vc_column_text]La plataforma educativa <strong>Educaci\u00f3n Virtual Avanzada<\/strong> (EVA) est\u00e1 en constante desarrollo en la creaci\u00f3n de temas multidisciplinarios de programas educativos con el fin de presentar una mayor oferta educacional a los interesados en desarrollarse profesionalmente. EVA se adapta a sus necesidades de ense\u00f1anza y aprendizaje, ofreci\u00e9ndole la capacidad de seleccionar diferentes cursos y diplomados de los cuales puede tomar solo una lecci\u00f3n, m\u00f3dulos (grupo de lecciones), un diplomado, diversas especialidades y una maestr\u00eda. Adicionalmente te brinda la opci\u00f3n de utilizar la plataforma EVA para&nbsp; ofrecer su propio material educativo.[\/vc_column_text][\/vc_column][\/vc_row][vc_row][vc_column width=\u00bb1\/2&#8243;][vc_custom_heading text=\u00bbNuestro equipo\u00bb font_container=\u00bbtag:h2|text_align:left|color:%23223556&#8243; google_fonts=\u00bbfont_family:Roboto%3A100%2C100italic%2C300%2C300italic%2Cregular%2Citalic%2C500%2C500italic%2C700%2C700italic%2C900%2C900italic|font_style:500%20bold%20regular%3A500%3Anormal\u00bb][vc_row_inner][vc_column_inner width=\u00bb1\/4&#8243;][vc_single_image image=\u00bb17&#8243; img_size=\u00bbfull\u00bb][\/vc_column_inner][vc_column_inner width=\u00bb3\/4&#8243;][vc_column_text]\n<h4><strong><span style=\"color: #d63728;\">Luis&nbsp;Marin<\/span><\/strong><\/h4>\n<p>Profesor<br \/>\n<a href=\"https:\/\/w3.educacionvirtualavanzada.mx\/home\/team\/luis-marin\/\">Ver perfil<\/a>[\/vc_column_text][\/vc_column_inner][\/vc_row_inner][vc_row_inner][vc_column_inner width=\u00bb1\/4&#8243;][vc_single_image image=\u00bb43&#8243; img_size=\u00bbfull\u00bb][\/vc_column_inner][vc_column_inner width=\u00bb3\/4&#8243;][vc_column_text]\n<h4><strong><span style=\"color: #d63728;\">Oscar Mart\u00ednez<\/span><\/strong><\/h4>\n<p>Profesor<br \/>\n<a href=\"https:\/\/uva.educacionvirtualavanzada.mx\/home\/team\/oscar-martinez\/\">Ver perfil<\/a>[\/vc_column_text][\/vc_column_inner][\/vc_row_inner][vc_row_inner][vc_column_inner][vc_column_text]<a class=\"fasc-button fasc-size-medium fasc-type-flat\" style=\"background-color: #efb05d; color: #ffffff;\" href=\"https:\/\/w3.educacionvirtualavanzada.mx\/home\/nuestro-equipo\/\">Ver todos los perfiles de nuestro equipo<\/a>[\/vc_column_text][\/vc_column_inner][\/vc_row_inner][\/vc_column][vc_column width=\u00bb1\/2&#8243;][\/vc_column][\/vc_row][vc_row][vc_column][vc_custom_heading text=\u00bbTestimonios\u00bb font_container=\u00bbtag:h2|text_align:left|color:%23223556&#8243; google_fonts=\u00bbfont_family:Roboto%3A100%2C100italic%2C300%2C300italic%2Cregular%2Citalic%2C500%2C500italic%2C700%2C700italic%2C900%2C900italic|font_style:500%20bold%20regular%3A500%3Anormal\u00bb][vc_column_text][\/vc_column_text][\/vc_column][\/vc_row][vc_row][vc_column][vc_custom_heading text=\u00bbAfiliados y amigos de EVA\u00bb font_container=\u00bbtag:h2|text_align:left|color:%23223556&#8243; google_fonts=\u00bbfont_family:Roboto%3A100%2C100italic%2C300%2C300italic%2Cregular%2Citalic%2C500%2C500italic%2C700%2C700italic%2C900%2C900italic|font_style:500%20bold%20regular%3A500%3Anormal\u00bb][vc_empty_space height=\u00bb25px\u00bb][vc_row_inner][vc_column_inner width=\u00bb1\/3&#8243;][vc_single_image image=\u00bb101&#8243; img_size=\u00bbfull\u00bb onclick=\u00bbcustom_link\u00bb img_link_target=\u00bb_blank\u00bb link=\u00bbhttp:\/\/www.hagrupo.com\/\u00bb][\/vc_column_inner][vc_column_inner width=\u00bb1\/3&#8243;][vc_single_image image=\u00bb100&#8243; img_size=\u00bbfull\u00bb onclick=\u00bbcustom_link\u00bb img_link_target=\u00bb_blank\u00bb link=\u00bbhttp:\/\/www.agua.org.mx\/\u00bb][\/vc_column_inner][\/vc_row_inner][\/vc_column][\/vc_row]\n","protected":false},"excerpt":{"rendered":"<p>[vc_row][vc_column][vc_column_text] Sobre EVA [\/vc_column_text][vc_single_image image=\u00bb104&#8243; img_size=\u00bbfull\u00bb][\/vc_column][\/vc_row][vc_row][vc_column][vc_column_text]La plataforma educativa Educaci\u00f3n Virtual Avanzada (EVA) est\u00e1 en constante desarrollo en la creaci\u00f3n de temas multidisciplinarios de programas educativos con el fin de presentar una mayor oferta educacional a los interesados en desarrollarse profesionalmente. <a href=\"https:\/\/w3.educacionvirtualavanzada.mx\/home\/\" class=\"read-more\">Lee m\u00e1s&#8230;<\/a><\/p>\n","protected":false},"author":7,"featured_media":0,"parent":0,"menu_order":0,"comment_status":"closed","ping_status":"closed","template":"","meta":[],"_links":{"self":[{"href":"https:\/\/w3.educacionvirtualavanzada.mx\/home\/wp-json\/wp\/v2\/pages\/15"}],"collection":[{"href":"https:\/\/w3.educacionvirtualavanzada.mx\/home\/wp-json\/wp\/v2\/pages"}],"about":[{"href":"https:\/\/w3.educacionvirtualavanzada.mx\/home\/wp-json\/wp\/v2\/types\/page"}],"author":[{"embeddable":true,"href":"https:\/\/w3.educacionvirtualavanzada.mx\/home\/wp-json\/wp\/v2\/users\/7"}],"replies":[{"embeddable":true,"href":"https:\/\/w3.educacionvirtualavanzada.mx\/home\/wp-json\/wp\/v2\/comments?post=15"}],"version-history":[{"count":39,"href":"https:\/\/w3.educacionvirtualavanzada.mx\/home\/wp-json\/wp\/v2\/pages\/15\/revisions"}],"predecessor-version":[{"id":477,"href":"https:\/\/w3.educacionvirtualavanzada.mx\/home\/wp-json\/wp\/v2\/pages\/15\/revisions\/477"}],"wp:attachment":[{"href":"https:\/\/w3.educacionvirtualavanzada.mx\/home\/wp-json\/wp\/v2\/media?parent=15"}],"curies":[{"name":"wp","href":"https:\/\/api.w.org\/{rel}","templated":true}]}}