{"id":24,"date":"2016-10-07T17:58:19","date_gmt":"2016-10-07T17:58:19","guid":{"rendered":"http:\/\/192.168.1.1\/home\/?page_id=24"},"modified":"2016-10-07T18:34:09","modified_gmt":"2016-10-07T18:34:09","slug":"sobre-nosotros","status":"publish","type":"page","link":"https:\/\/w3.educacionvirtualavanzada.mx\/home\/sobre-nosotros\/","title":{"rendered":"Sobre nosotros"},"content":{"rendered":"[vc_row][vc_column][vc_column_text]\n<h1><strong>Sobre nosotros<\/strong><\/h1>\n[\/vc_column_text][vc_single_image image=\u00bb25&#8243; img_size=\u00bbfull\u00bb][\/vc_column][\/vc_row][vc_row][vc_column][vc_column_text]\n<h2 class=\"after\" style=\"padding-left: 30px; text-align: justify;\"><strong>Con\u00f3cenos<\/strong><\/h2>\n<p style=\"padding-left: 30px; text-align: justify;\">La plataforma Educaci\u00f3n Virtual Avanzada (EVA) est\u00e1 en constante desarrollo en la creaci\u00f3n de temas multidisciplinarios de programas educativos con el fin de presentar una mayor oferta educacional a los interesados en desarrollarse profesionalmente.<\/p>\n<p style=\"padding-left: 30px; text-align: justify;\">EVA se adapta a tus necesidades de ense\u00f1anza y aprendizaje, ofreci\u00e9ndote oportunidades que van desde llevar \u00fanicamente una lecci\u00f3n, m\u00f3dulos (grupo de lecciones), un diplomado, diversas especialidades y una maestr\u00eda. Adicionalmente te brinda la opci\u00f3n de ofrecer tu propio material educativo de acuerdo a nuestra misi\u00f3n y visi\u00f3n.<\/p>\n<p style=\"padding-left: 30px; text-align: justify;\">Hoy en d\u00eda, el acceso a la web y sus tecnolog\u00edas asociadas, nos permiten realizar una oferta de capacitaci\u00f3n din\u00e1mica, ya que, al ofrecer la capacitaci\u00f3n en l\u00ednea los contenidos se mantienen actualizados y pueden ser incorporados r\u00e1pidamente. De esta manera, EVA contribuye a mantener al d\u00eda a los participantes en diversas \u00e1reas.<\/p>\n<p style=\"padding-left: 30px; text-align: justify;\">Contamos con diferentes herramientas las cuales complementan el aprendizaje adquirido en la EVA. De igual forma sirven de apoyo para hacer m\u00e1s did\u00e1ctico los cursos de los profesores.<\/p>\n<h2 class=\"after\" style=\"padding-left: 30px; text-align: justify;\"><strong>Ventajas<\/strong><\/h2>\n<p style=\"padding-left: 30px; text-align: justify;\">EVA no solo dispone de material de lectura tambi\u00e9n cuenta con contenidos audiovisuales, gr\u00e1ficos y animaciones, la plataforma te brinda la capacidad de poder tomar tus cursos durante las 24 horas del d\u00eda, los 7 d\u00edas de la semana durante todo el a\u00f1o. Adem\u00e1s, la EVA te ofrece soporte t\u00e9cnico asistencial para respaldar tus estudios en l\u00ednea.<\/p>\n<h2 class=\"after\" style=\"padding-left: 30px; text-align: justify;\"><strong>Establece tu tiempo y metas, nosotros te apoyamos<\/strong><\/h2>\n<p style=\"padding-left: 30px; text-align: justify;\">EVA se adapta a tus necesidades y tiempos, es por eso que t\u00fa decides que lecciones o m\u00f3dulos quieres tomar para que cumplas tus objetivos de aprendizaje. Cumpliendo con la necesidad de contar con profesionistas m\u00e1s capacitados, EVA ha desarrollado diversas <strong>especialidades<\/strong> y<strong> maestr\u00edas<\/strong>.<\/p>\n<h2 class=\"after\" style=\"padding-left: 30px; text-align: justify;\"><strong>Reconocimientos y apoyos de otras instituciones<\/strong><\/h2>\n<p style=\"padding-left: 30px; text-align: justify;\">EVA cuenta con el apoyo y reconocimiento de las siguientes instituciones educativas:<\/p>\n<p style=\"padding-left: 30px; text-align: justify;\">Northern Illinois University (EE.UU).<\/p>\n<p style=\"padding-left: 30px; text-align: justify;\">Universidad Nacional Aut\u00f3noma de M\u00e9xico (UNAM) a trav\u00e9s del Instituto de Geof\u00edsica.<\/p>\n<p style=\"padding-left: 30px; text-align: justify;\">Centro de Investigaci\u00f3n Cient\u00edfica de Yucat\u00e1n (CICY) a trav\u00e9s de la Unidad de Ciencias del Agua (UCIA).<\/p>\n<p style=\"padding-left: 30px; text-align: justify;\">As\u00ed como de nuestra gran plantilla profesores, en la cual contamos con doctores y maestros reconocidos a nivel mundial, as\u00ed como un grupo de ingenieros con gran experiencia, lo cual ofrece una experiencia tanto en el \u00e1mbito cient\u00edfico como en lo profesional.<\/p>\n[\/vc_column_text][\/vc_column][\/vc_row]\n","protected":false},"excerpt":{"rendered":"<p>[vc_row][vc_column][vc_column_text] Sobre nosotros [\/vc_column_text][vc_single_image image=\u00bb25&#8243; img_size=\u00bbfull\u00bb][\/vc_column][\/vc_row][vc_row][vc_column][vc_column_text] Con\u00f3cenos La plataforma Educaci\u00f3n Virtual Avanzada (EVA) est\u00e1 en constante desarrollo en la creaci\u00f3n de temas multidisciplinarios de programas educativos con el fin de presentar una mayor oferta educacional a los interesados en desarrollarse <a href=\"https:\/\/w3.educacionvirtualavanzada.mx\/home\/sobre-nosotros\/\" class=\"read-more\">Lee m\u00e1s&#8230;<\/a><\/p>\n","protected":false},"author":7,"featured_media":0,"parent":0,"menu_order":0,"comment_status":"closed","ping_status":"closed","template":"","meta":[],"_links":{"self":[{"href":"https:\/\/w3.educacionvirtualavanzada.mx\/home\/wp-json\/wp\/v2\/pages\/24"}],"collection":[{"href":"https:\/\/w3.educacionvirtualavanzada.mx\/home\/wp-json\/wp\/v2\/pages"}],"about":[{"href":"https:\/\/w3.educacionvirtualavanzada.mx\/home\/wp-json\/wp\/v2\/types\/page"}],"author":[{"embeddable":true,"href":"https:\/\/w3.educacionvirtualavanzada.mx\/home\/wp-json\/wp\/v2\/users\/7"}],"replies":[{"embeddable":true,"href":"https:\/\/w3.educacionvirtualavanzada.mx\/home\/wp-json\/wp\/v2\/comments?post=24"}],"version-history":[{"count":3,"href":"https:\/\/w3.educacionvirtualavanzada.mx\/home\/wp-json\/wp\/v2\/pages\/24\/revisions"}],"predecessor-version":[{"id":29,"href":"https:\/\/w3.educacionvirtualavanzada.mx\/home\/wp-json\/wp\/v2\/pages\/24\/revisions\/29"}],"wp:attachment":[{"href":"https:\/\/w3.educacionvirtualavanzada.mx\/home\/wp-json\/wp\/v2\/media?parent=24"}],"curies":[{"name":"wp","href":"https:\/\/api.w.org\/{rel}","templated":true}]}}