{"id":30,"date":"2016-10-07T18:30:21","date_gmt":"2016-10-07T18:30:21","guid":{"rendered":"http:\/\/192.168.1.1\/home\/?page_id=30"},"modified":"2016-10-07T18:34:40","modified_gmt":"2016-10-07T18:34:40","slug":"mision-vision","status":"publish","type":"page","link":"https:\/\/w3.educacionvirtualavanzada.mx\/home\/mision-vision\/","title":{"rendered":"Misi\u00f3n-Visi\u00f3n"},"content":{"rendered":"[vc_row][vc_column][vc_column_text]\n<h1><strong>Misi\u00f3n-Visi\u00f3n<\/strong><\/h1>\n[\/vc_column_text][\/vc_column][\/vc_row][vc_row][vc_column][vc_single_image image=\u00bb31&#8243; img_size=\u00bbfull\u00bb][\/vc_column][\/vc_row][vc_row][vc_column][vc_column_text]\n<h1 class=\"after\"><\/h1>\n<h1 class=\"after\">Misi\u00f3n<\/h1>\n<p>Ser un impulso del cambio en la cultura de las personas a fin de generar conocimientos desarrollados en temas espec\u00edficos a trav\u00e9s de la formaci\u00f3n a distancia para el fortalecimiento de sus capacidades.<\/p>\n<h1 class=\"after\">Visi\u00f3n<\/h1>\n<p>Ser la plataforma con la mayor participaci\u00f3n en el mercado en educaci\u00f3n a distancia y capacitaci\u00f3n, con el uso de herramientas tecnol\u00f3gicas y experiencias en temas multidisciplinarios para el fortalecimiento del conocimiento.[\/vc_column_text][\/vc_column][\/vc_row]\n","protected":false},"excerpt":{"rendered":"<p>[vc_row][vc_column][vc_column_text] Misi\u00f3n-Visi\u00f3n [\/vc_column_text][\/vc_column][\/vc_row][vc_row][vc_column][vc_single_image image=\u00bb31&#8243; img_size=\u00bbfull\u00bb][\/vc_column][\/vc_row][vc_row][vc_column][vc_column_text] Misi\u00f3n Ser un impulso del cambio en la cultura de las personas a fin de generar conocimientos desarrollados en temas espec\u00edficos a trav\u00e9s de la formaci\u00f3n a distancia para el fortalecimiento de sus capacidades. Visi\u00f3n <a href=\"https:\/\/w3.educacionvirtualavanzada.mx\/home\/mision-vision\/\" class=\"read-more\">Lee m\u00e1s&#8230;<\/a><\/p>\n","protected":false},"author":7,"featured_media":0,"parent":0,"menu_order":0,"comment_status":"closed","ping_status":"closed","template":"","meta":[],"_links":{"self":[{"href":"https:\/\/w3.educacionvirtualavanzada.mx\/home\/wp-json\/wp\/v2\/pages\/30"}],"collection":[{"href":"https:\/\/w3.educacionvirtualavanzada.mx\/home\/wp-json\/wp\/v2\/pages"}],"about":[{"href":"https:\/\/w3.educacionvirtualavanzada.mx\/home\/wp-json\/wp\/v2\/types\/page"}],"author":[{"embeddable":true,"href":"https:\/\/w3.educacionvirtualavanzada.mx\/home\/wp-json\/wp\/v2\/users\/7"}],"replies":[{"embeddable":true,"href":"https:\/\/w3.educacionvirtualavanzada.mx\/home\/wp-json\/wp\/v2\/comments?post=30"}],"version-history":[{"count":1,"href":"https:\/\/w3.educacionvirtualavanzada.mx\/home\/wp-json\/wp\/v2\/pages\/30\/revisions"}],"predecessor-version":[{"id":34,"href":"https:\/\/w3.educacionvirtualavanzada.mx\/home\/wp-json\/wp\/v2\/pages\/30\/revisions\/34"}],"wp:attachment":[{"href":"https:\/\/w3.educacionvirtualavanzada.mx\/home\/wp-json\/wp\/v2\/media?parent=30"}],"curies":[{"name":"wp","href":"https:\/\/api.w.org\/{rel}","templated":true}]}}