{"id":73,"date":"2016-10-10T16:34:06","date_gmt":"2016-10-10T16:34:06","guid":{"rendered":"http:\/\/192.168.1.1\/home\/?page_id=73"},"modified":"2021-11-11T14:34:01","modified_gmt":"2021-11-11T14:34:01","slug":"preguntas-frecuentes","status":"publish","type":"page","link":"https:\/\/w3.educacionvirtualavanzada.mx\/home\/preguntas-frecuentes\/","title":{"rendered":"Preguntas Frecuentes"},"content":{"rendered":"[vc_row][vc_column][vc_column_text]\n<h1><strong>Preguntas Frecuentes<\/strong><\/h1>\n[\/vc_column_text][vc_single_image image=\u00bb74&#8243; img_size=\u00bbfull\u00bb][vc_column_text]\n<h2 class=\"after\" style=\"text-align: left;\"><strong>Soporte<\/strong><\/h2>\n<p class=\"after\" style=\"text-align: left;\">Consulta y problemas<\/p>\n<h5><strong>\u00bfA qui\u00e9n debo acudir si tengo problemas al acceder?<\/strong><\/h5>\n<p>Puedes contactar a <a href=\"mailto:soporte@educacionvirtualavanzada.com.mx\">soporte@educacionvirtualavanzada.mx<\/a><\/p>\n<h5><strong>\u00bfC\u00f3mo puedo obtener mi nombre de usuario y contrase\u00f1a?<\/strong><\/h5>\n<p>Si en el momento de la matr\u00edcula no has recibido las credenciales, o las has extraviado, escr\u00edbenos a la siguiente direcci\u00f3n. <a href=\"mailto:soporte@educacionvirtualavanzada.mx\">soporte@educacionvirtualavanzada.mx<\/a><\/p>\n<h5><strong>\u00bfSon los cursos gratuitos?<\/strong><\/h5>\n<p>Contamos con algunas lecciones demo gratuitas, env\u00edanos un mensaje del curso que te interesa y te responderemos con la lecci\u00f3n demo respectiva a dicho curso.<\/p>\n<h5><strong>\u00bfQu\u00e9 tipo de certificaci\u00f3n se entrega?<\/strong><\/h5>\n<p>Si has cursado alg\u00fan curso o diplomado se te entregara un Diploma firmado .<\/p>\n<h5><strong>\u00bfNecesito estar conectado?<\/strong><\/h5>\n<p>Es esencial contar con Internet, todos los navegadores est\u00e1n disponibles con excepci\u00f3n de Internet Explorer abajo del 9<\/p>\n<h5><strong>\u00bfC\u00f3mo puedo pagar?<\/strong><\/h5>\n<p>El pago puede ser realizado v\u00eda cuenta de paypal o por transferencia bancaria. Para mayor informaci\u00f3n comun\u00edcate con nosotros<\/p>\n<h2><strong>Profesores<\/strong><\/h2>\n<h5><strong>\u00bfQu\u00e9 plataforma del Aula Virtual debo utilizar para publicar mis cursos?<\/strong><\/h5>\n<p>Nosotros en la EVA te sugerimos la plataforma ideal para cubrir tus necesidades si requieres m\u00e1s informaci\u00f3n o requieres una cotizaci\u00f3n del uso de la plataforma por favor contactanos[\/vc_column_text][\/vc_column][\/vc_row]\n","protected":false},"excerpt":{"rendered":"<p>[vc_row][vc_column][vc_column_text] Preguntas Frecuentes [\/vc_column_text][vc_single_image image=\u00bb74&#8243; img_size=\u00bbfull\u00bb][vc_column_text] Soporte Consulta y problemas \u00bfA qui\u00e9n debo acudir si tengo problemas al acceder? Puedes contactar a soporte@educacionvirtualavanzada.mx \u00bfC\u00f3mo puedo obtener mi nombre de usuario y contrase\u00f1a? Si en el momento de la matr\u00edcula no <a href=\"https:\/\/w3.educacionvirtualavanzada.mx\/home\/preguntas-frecuentes\/\" class=\"read-more\">Lee m\u00e1s&#8230;<\/a><\/p>\n","protected":false},"author":7,"featured_media":0,"parent":0,"menu_order":0,"comment_status":"closed","ping_status":"closed","template":"","meta":[],"_links":{"self":[{"href":"https:\/\/w3.educacionvirtualavanzada.mx\/home\/wp-json\/wp\/v2\/pages\/73"}],"collection":[{"href":"https:\/\/w3.educacionvirtualavanzada.mx\/home\/wp-json\/wp\/v2\/pages"}],"about":[{"href":"https:\/\/w3.educacionvirtualavanzada.mx\/home\/wp-json\/wp\/v2\/types\/page"}],"author":[{"embeddable":true,"href":"https:\/\/w3.educacionvirtualavanzada.mx\/home\/wp-json\/wp\/v2\/users\/7"}],"replies":[{"embeddable":true,"href":"https:\/\/w3.educacionvirtualavanzada.mx\/home\/wp-json\/wp\/v2\/comments?post=73"}],"version-history":[{"count":2,"href":"https:\/\/w3.educacionvirtualavanzada.mx\/home\/wp-json\/wp\/v2\/pages\/73\/revisions"}],"predecessor-version":[{"id":262,"href":"https:\/\/w3.educacionvirtualavanzada.mx\/home\/wp-json\/wp\/v2\/pages\/73\/revisions\/262"}],"wp:attachment":[{"href":"https:\/\/w3.educacionvirtualavanzada.mx\/home\/wp-json\/wp\/v2\/media?parent=73"}],"curies":[{"name":"wp","href":"https:\/\/api.w.org\/{rel}","templated":true}]}}